{"id":943,"date":"2020-05-19T07:05:13","date_gmt":"2020-05-19T07:05:13","guid":{"rendered":"http:\/\/s824575132.online.de\/?page_id=943"},"modified":"2022-12-19T10:18:48","modified_gmt":"2022-12-19T10:18:48","slug":"impressum","status":"publish","type":"page","link":"https:\/\/www.djbene.de\/start\/impressum\/","title":{"rendered":"Impressum"},"content":{"rendered":"\t\t<div data-elementor-type=\"wp-post\" data-elementor-id=\"943\" class=\"elementor elementor-943\">\n\t\t\t\t\t\t<section class=\"elementor-section elementor-top-section elementor-element elementor-element-810a359 elementor-section-boxed elementor-section-height-default elementor-section-height-default\" data-id=\"810a359\" data-element_type=\"section\" data-e-type=\"section\" data-settings=\"{&quot;background_background&quot;:&quot;classic&quot;}\">\n\t\t\t\t\t\t<div class=\"elementor-container elementor-column-gap-default\">\n\t\t\t\t\t<div class=\"elementor-column elementor-col-100 elementor-top-column elementor-element elementor-element-6b6ec1a\" data-id=\"6b6ec1a\" data-element_type=\"column\" data-e-type=\"column\">\n\t\t\t<div class=\"elementor-widget-wrap elementor-element-populated\">\n\t\t\t\t\t\t<div class=\"elementor-element elementor-element-00a3ce2 elementor-widget elementor-widget-heading\" data-id=\"00a3ce2\" data-element_type=\"widget\" data-e-type=\"widget\" data-widget_type=\"heading.default\">\n\t\t\t\t<div class=\"elementor-widget-container\">\n\t\t\t\t\t<h2 class=\"elementor-heading-title elementor-size-default\">Impressum<br><\/h2>\t\t\t\t<\/div>\n\t\t\t\t<\/div>\n\t\t\t\t<div class=\"elementor-element elementor-element-c760cd6 elementor-widget elementor-widget-text-editor\" data-id=\"c760cd6\" data-element_type=\"widget\" data-e-type=\"widget\" data-widget_type=\"text-editor.default\">\n\t\t\t\t<div class=\"elementor-widget-container\">\n\t\t\t\t\t\t\t\t\t<p>Verantwortlich:<\/p><p>Benedikt Duwenh\u00f6gger<br \/>57368 Lennestadt<br \/>Email: <a href=\"mailto:info@djbene.de\">info@djbene.de<\/a><\/p><p>Disclaimer<\/p><p>Haftung f\u00fcr Inhalte<\/p><p>Die Inhalte unserer Seiten wurden mit gr\u00f6\u00dfter Sorgfalt erstellt. F\u00fcr die Richtigkeit, Vollst\u00e4ndigkeit und Aktualit\u00e4t der Inhalte k\u00f6nnen wir jedoch keine Gew\u00e4hr \u00fcbernehmen. Als Diensteanbieter sind wir gem\u00e4\u00df \u00a7 7 Abs.1 TMG f\u00fcr eigene Inhalte auf diesen Seiten nach den allgemeinen Gesetzen verantwortlich. Nach \u00a7\u00a7 8 bis 10 TMG sind wir als Diensteanbieter jedoch nicht verpflichtet, \u00fcbermittelte oder gespeicherte fremde Informationen zu \u00fcberwachen oder nach Umst\u00e4nden zu forschen, die auf eine rechtswidrige T\u00e4tigkeit hinweisen. Verpflichtungen zur Entfernung oder Sperrung der Nutzung von Informationen nach den allgemeinen Gesetzen bleiben hiervon unber\u00fchrt. Eine diesbez\u00fcgliche Haftung ist jedoch erst ab dem Zeitpunkt der Kenntnis einer konkreten Rechtsverletzung m\u00f6glich. Bei Bekanntwerden von entsprechenden Rechtsverletzungen werden wir diese Inhalte umgehend entfernen.<\/p><p>Haftung f\u00fcr Links<\/p><p>Unser Angebot enth\u00e4lt Links zu externen Webseiten Dritter, auf deren Inhalte wir keinen Einfluss haben. Deshalb k\u00f6nnen wir f\u00fcr diese fremden Inhalte auch keine Gew\u00e4hr \u00fcbernehmen. F\u00fcr die Inhalte der verlinkten Seiten ist stets der jeweilige Anbieter oder Betreiber der Seiten verantwortlich. Die verlinkten Seiten wurden zum Zeitpunkt der Verlinkung auf m\u00f6gliche Rechtsverst\u00f6\u00dfe \u00fcberpr\u00fcft. Rechtswidrige Inhalte waren zum Zeitpunkt der Verlinkung nicht erkennbar. Eine permanente inhaltliche Kontrolle der verlinkten Seiten ist jedoch ohne konkrete Anhaltspunkte einer Rechtsverletzung nicht zumutbar. Bei Bekanntwerden von Rechtsverletzungen werden wir derartige Links umgehend entfernen.<\/p><p>Urheberrecht<\/p><p>Die durch die Seitenbetreiber erstellten Inhalte und Werke auf diesen Seiten unterliegen dem deutschen Urheberrecht. Die Vervielf\u00e4ltigung, Bearbeitung, Verbreitung und jede Art der Verwertung au\u00dferhalb der Grenzen des Urheberrechtes bed\u00fcrfen der schriftlichen Zustimmung des jeweiligen Autors bzw. Erstellers. Downloads und Kopien dieser Seite sind nur f\u00fcr den privaten, nicht kommerziellen Gebrauch gestattet. Soweit die Inhalte auf dieser Seite nicht vom Betreiber erstellt wurden, werden die Urheberrechte Dritter beachtet. Insbesondere werden Inhalte Dritter als solche gekennzeichnet. Sollten Sie trotzdem auf eine Urheberrechtsverletzung aufmerksam werden, bitten wir um einen entsprechenden Hinweis. Bei Bekanntwerden von Rechtsverletzungen werden wir derartige Inhalte umgehend entfernen.<\/p><p>Datenschutz<\/p><p>Die Nutzung unserer Webseite ist in der Regel ohne Angabe personenbezogener Daten m\u00f6glich. Soweit auf unseren Seiten personenbezogene Daten (beispielsweise Name, Anschrift oder eMail-Adressen) erhoben werden, erfolgt dies, soweit m\u00f6glich, stets auf freiwilliger Basis. Diese Daten werden ohne Ihre ausdr\u00fcckliche Zustimmung nicht an Dritte weitergegeben.<\/p><p>Wir weisen darauf hin, dass die Daten\u00fcbertragung im Internet (z.B. bei der Kommunikation per E-Mail) Sicherheitsl\u00fccken aufweisen kann. Ein l\u00fcckenloser Schutz der Daten vor dem Zugriff durch Dritte ist nicht m\u00f6glich.<\/p><p>Der Nutzung von im Rahmen der Impressumspflicht ver\u00f6ffentlichten Kontaktdaten durch Dritte zur \u00dcbersendung von nicht ausdr\u00fccklich angeforderter Werbung und Informationsmaterialien wird hiermit ausdr\u00fccklich widersprochen. Die Betreiber der Seiten behalten sich ausdr\u00fccklich rechtliche Schritte im Falle der unverlangten Zusendung von Werbeinformationen, etwa durch Spam-Mails, vor.<\/p><p>Quellen: Disclaimer von eRecht24, dem Portal zum Internetrecht von Rechtsanwalt S\u00f6ren Siebert<\/p>\t\t\t\t\t\t\t\t<\/div>\n\t\t\t\t<\/div>\n\t\t\t\t\t<\/div>\n\t\t<\/div>\n\t\t\t\t\t<\/div>\n\t\t<\/section>\n\t\t\t\t<section class=\"elementor-section elementor-top-section elementor-element elementor-element-4e0ba70 elementor-section-boxed elementor-section-height-default elementor-section-height-default\" data-id=\"4e0ba70\" data-element_type=\"section\" data-e-type=\"section\" data-settings=\"{&quot;background_background&quot;:&quot;classic&quot;}\">\n\t\t\t\t\t\t<div class=\"elementor-container elementor-column-gap-default\">\n\t\t\t\t\t<div class=\"elementor-column elementor-col-25 elementor-top-column elementor-element elementor-element-aa99ec7\" data-id=\"aa99ec7\" data-element_type=\"column\" data-e-type=\"column\">\n\t\t\t<div class=\"elementor-widget-wrap elementor-element-populated\">\n\t\t\t\t\t\t<div class=\"elementor-element elementor-element-3456677 elementor-widget elementor-widget-image\" data-id=\"3456677\" data-element_type=\"widget\" data-e-type=\"widget\" data-widget_type=\"image.default\">\n\t\t\t\t<div class=\"elementor-widget-container\">\n\t\t\t\t\t\t\t\t\t\t\t\t\t\t\t<img decoding=\"async\" width=\"300\" height=\"68\" src=\"https:\/\/www.djbene.de\/wp-content\/uploads\/2019\/07\/Logo-header-e1587649088587.png\" class=\"attachment-large size-large wp-image-728\" alt=\"\" \/>\t\t\t\t\t\t\t\t\t\t\t\t\t\t\t<\/div>\n\t\t\t\t<\/div>\n\t\t\t\t\t<\/div>\n\t\t<\/div>\n\t\t\t\t<div class=\"elementor-column elementor-col-25 elementor-top-column elementor-element elementor-element-681c80d\" data-id=\"681c80d\" data-element_type=\"column\" data-e-type=\"column\">\n\t\t\t<div class=\"elementor-widget-wrap elementor-element-populated\">\n\t\t\t\t\t\t<div class=\"elementor-element elementor-element-6560ee7 elementor-widget elementor-widget-text-editor\" data-id=\"6560ee7\" data-element_type=\"widget\" data-e-type=\"widget\" data-widget_type=\"text-editor.default\">\n\t\t\t\t<div class=\"elementor-widget-container\">\n\t\t\t\t\t\t\t\t\t<p><strong><b>\u00a9<\/b> 2022 Benedikt Duwenh\u00f6gger<\/strong><\/p>\t\t\t\t\t\t\t\t<\/div>\n\t\t\t\t<\/div>\n\t\t\t\t<div class=\"elementor-element elementor-element-608cecb elementor-shape-rounded elementor-grid-0 e-grid-align-center elementor-widget elementor-widget-social-icons\" data-id=\"608cecb\" data-element_type=\"widget\" data-e-type=\"widget\" data-widget_type=\"social-icons.default\">\n\t\t\t\t<div class=\"elementor-widget-container\">\n\t\t\t\t\t\t\t<div class=\"elementor-social-icons-wrapper elementor-grid\" role=\"list\">\n\t\t\t\t\t\t\t<span class=\"elementor-grid-item\" role=\"listitem\">\n\t\t\t\t\t<a class=\"elementor-icon elementor-social-icon elementor-social-icon-facebook elementor-repeater-item-b383e9d\" href=\"https:\/\/www.facebook.com\/djbene.entertainment\" target=\"_blank\">\n\t\t\t\t\t\t<span class=\"elementor-screen-only\">Facebook<\/span>\n\t\t\t\t\t\t<i aria-hidden=\"true\" class=\"fab fa-facebook\"><\/i>\t\t\t\t\t<\/a>\n\t\t\t\t<\/span>\n\t\t\t\t\t\t\t<span class=\"elementor-grid-item\" role=\"listitem\">\n\t\t\t\t\t<a class=\"elementor-icon elementor-social-icon elementor-social-icon-instagram elementor-repeater-item-27cf317\" href=\"https:\/\/www.instagram.com\/djbene_germany_\/\" target=\"_blank\">\n\t\t\t\t\t\t<span class=\"elementor-screen-only\">Instagram<\/span>\n\t\t\t\t\t\t<i aria-hidden=\"true\" class=\"fab fa-instagram\"><\/i>\t\t\t\t\t<\/a>\n\t\t\t\t<\/span>\n\t\t\t\t\t<\/div>\n\t\t\t\t\t\t<\/div>\n\t\t\t\t<\/div>\n\t\t\t\t\t<\/div>\n\t\t<\/div>\n\t\t\t\t<div class=\"elementor-column elementor-col-25 elementor-top-column elementor-element elementor-element-838f575\" data-id=\"838f575\" data-element_type=\"column\" data-e-type=\"column\">\n\t\t\t<div class=\"elementor-widget-wrap elementor-element-populated\">\n\t\t\t\t\t\t<div class=\"elementor-element elementor-element-aadf59b elementor-widget elementor-widget-text-editor\" data-id=\"aadf59b\" data-element_type=\"widget\" data-e-type=\"widget\" data-widget_type=\"text-editor.default\">\n\t\t\t\t<div class=\"elementor-widget-container\">\n\t\t\t\t\t\t\t\t\t<p><strong>Benedikt Duwenh\u00f6gger <\/strong><br \/><strong>57368 Lennestadt\u00a0 <\/strong><br \/><a href=\"mailto:info@djbene.de\"><strong>info@djbene.de<\/strong><\/a><\/p>\t\t\t\t\t\t\t\t<\/div>\n\t\t\t\t<\/div>\n\t\t\t\t\t<\/div>\n\t\t<\/div>\n\t\t\t\t<div class=\"elementor-column elementor-col-25 elementor-top-column elementor-element elementor-element-ac673b2\" data-id=\"ac673b2\" data-element_type=\"column\" data-e-type=\"column\">\n\t\t\t<div class=\"elementor-widget-wrap elementor-element-populated\">\n\t\t\t\t\t\t<div class=\"elementor-element elementor-element-ab48930 elementor-align-center elementor-widget elementor-widget-button\" data-id=\"ab48930\" data-element_type=\"widget\" data-e-type=\"widget\" data-widget_type=\"button.default\">\n\t\t\t\t<div class=\"elementor-widget-container\">\n\t\t\t\t\t\t\t\t\t<div class=\"elementor-button-wrapper\">\n\t\t\t\t\t<a class=\"elementor-button elementor-button-link elementor-size-sm\" href=\"https:\/\/www.djbene.de\/start\/impressum\/\">\n\t\t\t\t\t\t<span class=\"elementor-button-content-wrapper\">\n\t\t\t\t\t\t\t\t\t<span class=\"elementor-button-text\">Impressum    <\/span>\n\t\t\t\t\t<\/span>\n\t\t\t\t\t<\/a>\n\t\t\t\t<\/div>\n\t\t\t\t\t\t\t\t<\/div>\n\t\t\t\t<\/div>\n\t\t\t\t<div class=\"elementor-element elementor-element-15a1f38 elementor-align-center elementor-widget elementor-widget-button\" data-id=\"15a1f38\" data-element_type=\"widget\" data-e-type=\"widget\" data-widget_type=\"button.default\">\n\t\t\t\t<div class=\"elementor-widget-container\">\n\t\t\t\t\t\t\t\t\t<div class=\"elementor-button-wrapper\">\n\t\t\t\t\t<a class=\"elementor-button elementor-button-link elementor-size-sm\" href=\"https:\/\/www.djbene.de\/start\/datenschutz\/\">\n\t\t\t\t\t\t<span class=\"elementor-button-content-wrapper\">\n\t\t\t\t\t\t\t\t\t<span class=\"elementor-button-text\">Datenschutz<\/span>\n\t\t\t\t\t<\/span>\n\t\t\t\t\t<\/a>\n\t\t\t\t<\/div>\n\t\t\t\t\t\t\t\t<\/div>\n\t\t\t\t<\/div>\n\t\t\t\t\t<\/div>\n\t\t<\/div>\n\t\t\t\t\t<\/div>\n\t\t<\/section>\n\t\t\t\t<\/div>\n\t\t","protected":false},"excerpt":{"rendered":"<p>Impressum Verantwortlich: Benedikt Duwenh\u00f6gger57368 LennestadtEmail: info@djbene.de Disclaimer Haftung f\u00fcr Inhalte Die Inhalte unserer Seiten wurden mit gr\u00f6\u00dfter Sorgfalt erstellt. F\u00fcr die Richtigkeit, Vollst\u00e4ndigkeit und Aktualit\u00e4t der Inhalte k\u00f6nnen wir jedoch keine Gew\u00e4hr \u00fcbernehmen. Als Diensteanbieter sind wir gem\u00e4\u00df \u00a7 7 Abs.1 TMG f\u00fcr eigene Inhalte auf diesen Seiten nach den allgemeinen Gesetzen verantwortlich. Nach \u00a7\u00a7 [&hellip;]<\/p>\n","protected":false},"author":1,"featured_media":0,"parent":0,"menu_order":0,"comment_status":"closed","ping_status":"closed","template":"page-templates\/fullwidth-content.php","meta":{"footnotes":""},"class_list":["post-943","page","type-page","status-publish","hentry"],"yoast_head":"<!-- This site is optimized with the Yoast SEO plugin v27.5 - https:\/\/yoast.com\/product\/yoast-seo-wordpress\/ -->\n<title>Dj Bene - Dj &amp; Eventservice! Der Party Dj aus dem Sauerland! Exklusive Performance, Qualit\u00e4t und besondere Events! Dj Bene ist ein in Lennestadt ans\u00e4ssiger Dj &amp; Eventplaner und spezialisiert auf die Darbietung von Partymusik.<\/title>\n<meta name=\"description\" content=\"Dj Bene - Dj &amp; Eventservice! Der Party Dj aus dem Sauerland! Exklusive Performance, Qualit\u00e4t und besondere Events! Dj Bene ist ein in Lennestadt ans\u00e4ssiger Dj &amp; Eventplaner und spezialisiert auf die Darbietung von Partymusik.\" \/>\n<meta name=\"robots\" content=\"index, follow, max-snippet:-1, max-image-preview:large, max-video-preview:-1\" \/>\n<link rel=\"canonical\" href=\"https:\/\/www.djbene.de\/start\/impressum\/\" \/>\n<meta property=\"og:locale\" content=\"de_DE\" \/>\n<meta property=\"og:type\" content=\"article\" \/>\n<meta property=\"og:title\" content=\"Dj Bene - Dj &amp; Eventservice! Der Party Dj aus dem Sauerland! Exklusive Performance, Qualit\u00e4t und besondere Events! Dj Bene ist ein in Lennestadt ans\u00e4ssiger Dj &amp; Eventplaner und spezialisiert auf die Darbietung von Partymusik.\" \/>\n<meta property=\"og:description\" content=\"Dj Bene - Dj &amp; Eventservice! Der Party Dj aus dem Sauerland! Exklusive Performance, Qualit\u00e4t und besondere Events! Dj Bene ist ein in Lennestadt ans\u00e4ssiger Dj &amp; Eventplaner und spezialisiert auf die Darbietung von Partymusik.\" \/>\n<meta property=\"og:url\" content=\"https:\/\/www.djbene.de\/start\/impressum\/\" \/>\n<meta property=\"og:site_name\" content=\"DJ Bene - Dj &amp; Eventservice\" \/>\n<meta property=\"article:publisher\" content=\"https:\/\/www.facebook.com\/djbene.entertainment\/\" \/>\n<meta property=\"article:modified_time\" content=\"2022-12-19T10:18:48+00:00\" \/>\n<meta property=\"og:image\" content=\"https:\/\/www.djbene.de\/wp-content\/uploads\/2019\/07\/Logo-header-e1587649088587.png\" \/>\n<meta name=\"twitter:card\" content=\"summary_large_image\" \/>\n<meta name=\"twitter:label1\" content=\"Gesch\u00e4tzte Lesezeit\" \/>\n\t<meta name=\"twitter:data1\" content=\"2\u00a0Minuten\" \/>\n<script type=\"application\/ld+json\" class=\"yoast-schema-graph\">{\"@context\":\"https:\\\/\\\/schema.org\",\"@graph\":[{\"@type\":\"WebPage\",\"@id\":\"https:\\\/\\\/www.djbene.de\\\/start\\\/impressum\\\/\",\"url\":\"https:\\\/\\\/www.djbene.de\\\/start\\\/impressum\\\/\",\"name\":\"Dj Bene - Dj & Eventservice! Der Party Dj aus dem Sauerland! Exklusive Performance, Qualit\u00e4t und besondere Events! Dj Bene ist ein in Lennestadt ans\u00e4ssiger Dj & Eventplaner und spezialisiert auf die Darbietung von Partymusik.\",\"isPartOf\":{\"@id\":\"https:\\\/\\\/www.djbene.de\\\/start\\\/#website\"},\"primaryImageOfPage\":{\"@id\":\"https:\\\/\\\/www.djbene.de\\\/start\\\/impressum\\\/#primaryimage\"},\"image\":{\"@id\":\"https:\\\/\\\/www.djbene.de\\\/start\\\/impressum\\\/#primaryimage\"},\"thumbnailUrl\":\"https:\\\/\\\/www.djbene.de\\\/wp-content\\\/uploads\\\/2019\\\/07\\\/Logo-header-e1587649088587.png\",\"datePublished\":\"2020-05-19T07:05:13+00:00\",\"dateModified\":\"2022-12-19T10:18:48+00:00\",\"description\":\"Dj Bene - Dj & Eventservice! Der Party Dj aus dem Sauerland! Exklusive Performance, Qualit\u00e4t und besondere Events! Dj Bene ist ein in Lennestadt ans\u00e4ssiger Dj & Eventplaner und spezialisiert auf die Darbietung von Partymusik.\",\"breadcrumb\":{\"@id\":\"https:\\\/\\\/www.djbene.de\\\/start\\\/impressum\\\/#breadcrumb\"},\"inLanguage\":\"de\",\"potentialAction\":[{\"@type\":\"ReadAction\",\"target\":[\"https:\\\/\\\/www.djbene.de\\\/start\\\/impressum\\\/\"]}]},{\"@type\":\"ImageObject\",\"inLanguage\":\"de\",\"@id\":\"https:\\\/\\\/www.djbene.de\\\/start\\\/impressum\\\/#primaryimage\",\"url\":\"https:\\\/\\\/www.djbene.de\\\/wp-content\\\/uploads\\\/2019\\\/07\\\/Logo-header-e1587649088587.png\",\"contentUrl\":\"https:\\\/\\\/www.djbene.de\\\/wp-content\\\/uploads\\\/2019\\\/07\\\/Logo-header-e1587649088587.png\"},{\"@type\":\"BreadcrumbList\",\"@id\":\"https:\\\/\\\/www.djbene.de\\\/start\\\/impressum\\\/#breadcrumb\",\"itemListElement\":[{\"@type\":\"ListItem\",\"position\":1,\"name\":\"Startseite\",\"item\":\"https:\\\/\\\/www.djbene.de\\\/start\\\/\"},{\"@type\":\"ListItem\",\"position\":2,\"name\":\"Impressum\"}]},{\"@type\":\"WebSite\",\"@id\":\"https:\\\/\\\/www.djbene.de\\\/start\\\/#website\",\"url\":\"https:\\\/\\\/www.djbene.de\\\/start\\\/\",\"name\":\"DJ Bene - Dj &amp; Eventservice\",\"description\":\"Der Party Dj aus dem Sauerland! Exklusive Performance, Qualit\u00e4t und besondere Events!\",\"publisher\":{\"@id\":\"https:\\\/\\\/www.djbene.de\\\/start\\\/#organization\"},\"potentialAction\":[{\"@type\":\"SearchAction\",\"target\":{\"@type\":\"EntryPoint\",\"urlTemplate\":\"https:\\\/\\\/www.djbene.de\\\/start\\\/?s={search_term_string}\"},\"query-input\":{\"@type\":\"PropertyValueSpecification\",\"valueRequired\":true,\"valueName\":\"search_term_string\"}}],\"inLanguage\":\"de\"},{\"@type\":\"Organization\",\"@id\":\"https:\\\/\\\/www.djbene.de\\\/start\\\/#organization\",\"name\":\"Dj Bene - Dj & Eventservice\",\"url\":\"https:\\\/\\\/www.djbene.de\\\/start\\\/\",\"logo\":{\"@type\":\"ImageObject\",\"inLanguage\":\"de\",\"@id\":\"https:\\\/\\\/www.djbene.de\\\/start\\\/#\\\/schema\\\/logo\\\/image\\\/\",\"url\":\"https:\\\/\\\/www.djbene.de\\\/wp-content\\\/uploads\\\/2020\\\/05\\\/favicon.jpg\",\"contentUrl\":\"https:\\\/\\\/www.djbene.de\\\/wp-content\\\/uploads\\\/2020\\\/05\\\/favicon.jpg\",\"width\":512,\"height\":512,\"caption\":\"Dj Bene - Dj & Eventservice\"},\"image\":{\"@id\":\"https:\\\/\\\/www.djbene.de\\\/start\\\/#\\\/schema\\\/logo\\\/image\\\/\"},\"sameAs\":[\"https:\\\/\\\/www.facebook.com\\\/djbene.entertainment\\\/\"]}]}<\/script>\n<!-- \/ Yoast SEO plugin. -->","yoast_head_json":{"title":"Dj Bene - Dj & Eventservice! Der Party Dj aus dem Sauerland! Exklusive Performance, Qualit\u00e4t und besondere Events! Dj Bene ist ein in Lennestadt ans\u00e4ssiger Dj & Eventplaner und spezialisiert auf die Darbietung von Partymusik.","description":"Dj Bene - Dj & Eventservice! Der Party Dj aus dem Sauerland! Exklusive Performance, Qualit\u00e4t und besondere Events! Dj Bene ist ein in Lennestadt ans\u00e4ssiger Dj & Eventplaner und spezialisiert auf die Darbietung von Partymusik.","robots":{"index":"index","follow":"follow","max-snippet":"max-snippet:-1","max-image-preview":"max-image-preview:large","max-video-preview":"max-video-preview:-1"},"canonical":"https:\/\/www.djbene.de\/start\/impressum\/","og_locale":"de_DE","og_type":"article","og_title":"Dj Bene - Dj & Eventservice! Der Party Dj aus dem Sauerland! Exklusive Performance, Qualit\u00e4t und besondere Events! Dj Bene ist ein in Lennestadt ans\u00e4ssiger Dj & Eventplaner und spezialisiert auf die Darbietung von Partymusik.","og_description":"Dj Bene - Dj & Eventservice! Der Party Dj aus dem Sauerland! Exklusive Performance, Qualit\u00e4t und besondere Events! Dj Bene ist ein in Lennestadt ans\u00e4ssiger Dj & Eventplaner und spezialisiert auf die Darbietung von Partymusik.","og_url":"https:\/\/www.djbene.de\/start\/impressum\/","og_site_name":"DJ Bene - Dj &amp; Eventservice","article_publisher":"https:\/\/www.facebook.com\/djbene.entertainment\/","article_modified_time":"2022-12-19T10:18:48+00:00","og_image":[{"url":"https:\/\/www.djbene.de\/wp-content\/uploads\/2019\/07\/Logo-header-e1587649088587.png","type":"","width":"","height":""}],"twitter_card":"summary_large_image","twitter_misc":{"Gesch\u00e4tzte Lesezeit":"2\u00a0Minuten"},"schema":{"@context":"https:\/\/schema.org","@graph":[{"@type":"WebPage","@id":"https:\/\/www.djbene.de\/start\/impressum\/","url":"https:\/\/www.djbene.de\/start\/impressum\/","name":"Dj Bene - Dj & Eventservice! Der Party Dj aus dem Sauerland! Exklusive Performance, Qualit\u00e4t und besondere Events! Dj Bene ist ein in Lennestadt ans\u00e4ssiger Dj & Eventplaner und spezialisiert auf die Darbietung von Partymusik.","isPartOf":{"@id":"https:\/\/www.djbene.de\/start\/#website"},"primaryImageOfPage":{"@id":"https:\/\/www.djbene.de\/start\/impressum\/#primaryimage"},"image":{"@id":"https:\/\/www.djbene.de\/start\/impressum\/#primaryimage"},"thumbnailUrl":"https:\/\/www.djbene.de\/wp-content\/uploads\/2019\/07\/Logo-header-e1587649088587.png","datePublished":"2020-05-19T07:05:13+00:00","dateModified":"2022-12-19T10:18:48+00:00","description":"Dj Bene - Dj & Eventservice! Der Party Dj aus dem Sauerland! Exklusive Performance, Qualit\u00e4t und besondere Events! Dj Bene ist ein in Lennestadt ans\u00e4ssiger Dj & Eventplaner und spezialisiert auf die Darbietung von Partymusik.","breadcrumb":{"@id":"https:\/\/www.djbene.de\/start\/impressum\/#breadcrumb"},"inLanguage":"de","potentialAction":[{"@type":"ReadAction","target":["https:\/\/www.djbene.de\/start\/impressum\/"]}]},{"@type":"ImageObject","inLanguage":"de","@id":"https:\/\/www.djbene.de\/start\/impressum\/#primaryimage","url":"https:\/\/www.djbene.de\/wp-content\/uploads\/2019\/07\/Logo-header-e1587649088587.png","contentUrl":"https:\/\/www.djbene.de\/wp-content\/uploads\/2019\/07\/Logo-header-e1587649088587.png"},{"@type":"BreadcrumbList","@id":"https:\/\/www.djbene.de\/start\/impressum\/#breadcrumb","itemListElement":[{"@type":"ListItem","position":1,"name":"Startseite","item":"https:\/\/www.djbene.de\/start\/"},{"@type":"ListItem","position":2,"name":"Impressum"}]},{"@type":"WebSite","@id":"https:\/\/www.djbene.de\/start\/#website","url":"https:\/\/www.djbene.de\/start\/","name":"DJ Bene - Dj &amp; Eventservice","description":"Der Party Dj aus dem Sauerland! Exklusive Performance, Qualit\u00e4t und besondere Events!","publisher":{"@id":"https:\/\/www.djbene.de\/start\/#organization"},"potentialAction":[{"@type":"SearchAction","target":{"@type":"EntryPoint","urlTemplate":"https:\/\/www.djbene.de\/start\/?s={search_term_string}"},"query-input":{"@type":"PropertyValueSpecification","valueRequired":true,"valueName":"search_term_string"}}],"inLanguage":"de"},{"@type":"Organization","@id":"https:\/\/www.djbene.de\/start\/#organization","name":"Dj Bene - Dj & Eventservice","url":"https:\/\/www.djbene.de\/start\/","logo":{"@type":"ImageObject","inLanguage":"de","@id":"https:\/\/www.djbene.de\/start\/#\/schema\/logo\/image\/","url":"https:\/\/www.djbene.de\/wp-content\/uploads\/2020\/05\/favicon.jpg","contentUrl":"https:\/\/www.djbene.de\/wp-content\/uploads\/2020\/05\/favicon.jpg","width":512,"height":512,"caption":"Dj Bene - Dj & Eventservice"},"image":{"@id":"https:\/\/www.djbene.de\/start\/#\/schema\/logo\/image\/"},"sameAs":["https:\/\/www.facebook.com\/djbene.entertainment\/"]}]}},"_links":{"self":[{"href":"https:\/\/www.djbene.de\/start\/wp-json\/wp\/v2\/pages\/943","targetHints":{"allow":["GET"]}}],"collection":[{"href":"https:\/\/www.djbene.de\/start\/wp-json\/wp\/v2\/pages"}],"about":[{"href":"https:\/\/www.djbene.de\/start\/wp-json\/wp\/v2\/types\/page"}],"author":[{"embeddable":true,"href":"https:\/\/www.djbene.de\/start\/wp-json\/wp\/v2\/users\/1"}],"replies":[{"embeddable":true,"href":"https:\/\/www.djbene.de\/start\/wp-json\/wp\/v2\/comments?post=943"}],"version-history":[{"count":7,"href":"https:\/\/www.djbene.de\/start\/wp-json\/wp\/v2\/pages\/943\/revisions"}],"predecessor-version":[{"id":1065,"href":"https:\/\/www.djbene.de\/start\/wp-json\/wp\/v2\/pages\/943\/revisions\/1065"}],"wp:attachment":[{"href":"https:\/\/www.djbene.de\/start\/wp-json\/wp\/v2\/media?parent=943"}],"curies":[{"name":"wp","href":"https:\/\/api.w.org\/{rel}","templated":true}]}}